{"id":4,"date":"2015-08-12T14:21:10","date_gmt":"2015-08-12T14:21:10","guid":{"rendered":"http:\/\/guiarestaurantes.name\/index.php\/directorio-de-negocios\/"},"modified":"2024-04-22T11:12:06","modified_gmt":"2024-04-22T11:12:06","slug":"guiarestaurantes-name-guia-restaurantes-espana","status":"publish","type":"page","link":"https:\/\/guiarestaurantes.name\/","title":{"rendered":"GUIARESTAURANTES.NAME &#8211; tu gu\u00eda de restaurantes de Espa\u00f1a"},"content":{"rendered":"<div class=\"wpb-content-wrapper\">\t\t<div data-elementor-type=\"wp-page\" data-elementor-id=\"4\" class=\"elementor elementor-4\">\n\t\t\t\t\t\t<section class=\"elementor-section elementor-top-section elementor-element elementor-element-439eaa57 elementor-section-boxed elementor-section-height-default elementor-section-height-default\" data-id=\"439eaa57\" data-element_type=\"section\">\n\t\t\t\t\t\t<div class=\"elementor-container elementor-column-gap-default\">\n\t\t\t\t\t<div class=\"elementor-column elementor-col-100 elementor-top-column elementor-element elementor-element-4706136d\" data-id=\"4706136d\" data-element_type=\"column\">\n\t\t\t<div class=\"elementor-widget-wrap elementor-element-populated\">\n\t\t\t\t\t\t<div class=\"elementor-element elementor-element-e244f02 elementor-widget elementor-widget-html\" data-id=\"e244f02\" data-element_type=\"widget\" data-widget_type=\"html.default\">\n\t\t\t\t<div class=\"elementor-widget-container\">\n\t\t\t\t\t<div width=780 height=90>\r\n<ins data-revive-zoneid=\"5\" data-revive-id=\"73070484ad785b5c43fa0f9759ed7d20\"><\/ins>\r\n<script async src=\"\/\/pinkstone.es\/openx2015\/www\/delivery\/asyncjs.php\"><\/script>\r\n<\/div>\t\t\t\t<\/div>\n\t\t\t\t<\/div>\n\t\t\t\t<div class=\"elementor-element elementor-element-536d217d elementor-widget elementor-widget-text-editor\" data-id=\"536d217d\" data-element_type=\"widget\" data-widget_type=\"text-editor.default\">\n\t\t\t\t<div class=\"elementor-widget-container\">\n\t\t\t\t\t\t\t\t\t\t\t\t<style type=\"text\/css\" media=\"screen\">\n\t\t\t\t\t\t\t#is-ajax-search-result-86920 .is-highlight { background-color: #86af42 !important;}\n\t\t\t\t\t\t\t#is-ajax-search-result-86920 .meta .is-highlight { background-color: transparent !important;}\n\t\t\t\t\t\t\t<\/style>\n\t\t\t\t\t\t\t\t\t\t[vc_row][vc_column][vc_column_text]\n<h2 style=\"color: #86af42; font-size: 22px;\">Directorio de restaurantes por provincia<\/h2>\n<p>DIRECTORIO DE RESTAURANTES EN ESPA\u00d1A<\/p>\n<p>Encuentra los <strong>mejores restaurantes de su ciudad<\/strong>, restaurantes rom\u00e1nticos, restaurantes italianos, cocina mediterr\u00e1nea&#8230;Una gran selecci\u00f3n de restaurantes en Espa\u00f1a para elegir \u00a1Hay un restaurante para cada ocasi\u00f3n!<script>\/\/ <![CDATA[\n(adsbygoogle = window.adsbygoogle || []).push({});<br \/>\n\/\/ ]]><\/script>[\/vc_column_text][vc_column_text]\n<p>\u00a0 \u00a0 \u00a0 \u00a0 \u00a0 \u00a0 \u00a0 \u00a0 \u00a0 \u00a0 \u00a0 \u00a0 \u00a0 \u00a0 \u00a0 \u00a0 \u00a0 \u00a0 \u00a0 \u00a0 \u00a0 \u00a0 \u00a0 \u00a0 \u00a0 \u00a0 \u00a0 \u00a0 \u00a0 \u00a0 \u00a0<\/p>\n<p>\u00a0<\/p>\n<p style=\"text-align: center;\"><div class='code-block code-block-1' style='margin: 8px 0; clear: both;'>\n<script async src=\"https:\/\/pagead2.googlesyndication.com\/pagead\/js\/adsbygoogle.js\"><\/script>\n<!-- Mega-GuiaR -->\n<ins class=\"adsbygoogle\"\n     style=\"display:inline-block;width:728px;height:90px\"\n     data-ad-client=\"ca-pub-9583937257526365\"\n     data-ad-slot=\"2636048390\"><\/ins>\n<script>\n     (adsbygoogle = window.adsbygoogle || []).push({});\n<\/script>\n<\/div>\n\n[\/vc_column_text][vc_column_text]<form data-min-no-for-search=1 data-result-box-max-height=400 data-form-id=86920 class=\"is-search-form is-form-style is-form-style-3 is-form-id-86920 is-ajax-search\" action=\"https:\/\/guiarestaurantes.name\/\" method=\"get\" role=\"search\" ><label for=\"is-search-input-86920\"><span class=\"is-screen-reader-text\">Buscar:<\/span><input  type=\"search\" id=\"is-search-input-86920\" name=\"s\" value=\"\" class=\"is-search-input\" placeholder=\"Buscar\" autocomplete=off \/><span class=\"is-loader-image\" style=\"display: none;background-image:url(https:\/\/guiarestaurantes.name\/wp-content\/plugins\/add-search-to-menu\/public\/images\/spinner.gif);\" ><\/span><\/label><button type=\"submit\" class=\"is-search-submit\"><span class=\"is-screen-reader-text\">Bot\u00f3n de b\u00fasqueda<\/span><span class=\"is-search-icon\"><svg focusable=\"false\" aria-label=\"Buscar\" xmlns=\"http:\/\/www.w3.org\/2000\/svg\" viewBox=\"0 0 24 24\" width=\"24px\"><path d=\"M15.5 14h-.79l-.28-.27C15.41 12.59 16 11.11 16 9.5 16 5.91 13.09 3 9.5 3S3 5.91 3 9.5 5.91 16 9.5 16c1.61 0 3.09-.59 4.23-1.57l.27.28v.79l5 4.99L20.49 19l-4.99-5zm-6 0C7.01 14 5 11.99 5 9.5S7.01 5 9.5 5 14 7.01 14 9.5 11.99 14 9.5 14z\"><\/path><\/svg><\/span><\/button><input type=\"hidden\" name=\"id\" value=\"86920\" \/><\/form>\n[\/vc_column_text][vc_column_text]\n<p><span style=\"color: #0000ff;\"><strong><a style=\"color: #000000;\" href=\"https:\/\/guiarestaurantes.name\/index.php\/nueva-empresa\/\">ALTA DE NUEVO RESTAURANTE<\/a><\/strong><\/span>[\/vc_column_text][vc_column_text]\n<p style=\"text-align: center;\"><div class='code-block code-block-1' style='margin: 8px 0; clear: both;'>\n<script async src=\"https:\/\/pagead2.googlesyndication.com\/pagead\/js\/adsbygoogle.js\"><\/script>\n<!-- Mega-GuiaR -->\n<ins class=\"adsbygoogle\"\n     style=\"display:inline-block;width:728px;height:90px\"\n     data-ad-client=\"ca-pub-9583937257526365\"\n     data-ad-slot=\"2636048390\"><\/ins>\n<script>\n     (adsbygoogle = window.adsbygoogle || []).push({});\n<\/script>\n<\/div>\n\n[\/vc_column_text][\/vc_column][\/vc_row]\n\n\n\n\t\t\t\t\t\t\t\t<\/div>\n\t\t\t\t<\/div>\n\t\t\t\t\t<\/div>\n\t\t<\/div>\n\t\t\t\t\t<\/div>\n\t\t<\/section>\n\t\t\t\t<\/div>\n\t\t<\/div>","protected":false},"excerpt":{"rendered":"<p>[vc_row][vc_column][vc_column_text] Directorio de restaurantes por provincia DIRECTORIO DE RESTAURANTES EN ESPA\u00d1A Encuentra los mejores restaurantes de su ciudad, restaurantes rom\u00e1nticos, restaurantes italianos, cocina mediterr\u00e1nea&#8230;Una gran selecci\u00f3n de restaurantes en Espa\u00f1a para elegir \u00a1Hay un restaurante para cada ocasi\u00f3n![\/vc_column_text][vc_column_text] \u00a0 \u00a0 &hellip; <a href=\"https:\/\/guiarestaurantes.name\/\">Continuar<\/a><\/p>\n","protected":false},"author":1,"featured_media":0,"parent":0,"menu_order":0,"comment_status":"open","ping_status":"closed","template":"","meta":{"kt_blocks_editor_width":"","footnotes":""},"class_list":["post-4","page","type-page","status-publish","hentry"],"yoast_head":"<!-- This site is optimized with the Yoast SEO plugin v25.9 - https:\/\/yoast.com\/wordpress\/plugins\/seo\/ -->\n<title>Gu\u00edaRestaurantes.name - TU DIRECTORIO DE RESTAURANTES EN ESPA\u00d1A<\/title>\n<meta name=\"description\" content=\"DIRECTORIO DE RESTAURANTES EN ESPA\u00d1A. Cocina tradicional, de autor, experimental, de todo tipo de ambiente y precios. \u00a1Encu\u00e9ntralo!\" \/>\n<meta name=\"robots\" content=\"index, follow, max-snippet:-1, max-image-preview:large, max-video-preview:-1\" \/>\n<link rel=\"canonical\" href=\"https:\/\/guiarestaurantes.name\/\" \/>\n<meta property=\"og:locale\" content=\"es_ES\" \/>\n<meta property=\"og:type\" content=\"article\" \/>\n<meta property=\"og:title\" content=\"Gu\u00edaRestaurantes.name - TU DIRECTORIO DE RESTAURANTES EN ESPA\u00d1A\" \/>\n<meta property=\"og:description\" content=\"DIRECTORIO DE RESTAURANTES EN ESPA\u00d1A. Cocina tradicional, de autor, experimental, de todo tipo de ambiente y precios. \u00a1Encu\u00e9ntralo!\" \/>\n<meta property=\"og:url\" content=\"https:\/\/guiarestaurantes.name\/\" \/>\n<meta property=\"og:site_name\" content=\"Guia Restaurantes\" \/>\n<meta property=\"article:modified_time\" content=\"2024-04-22T11:12:06+00:00\" \/>\n<meta name=\"twitter:label1\" content=\"Tiempo de lectura\" \/>\n\t<meta name=\"twitter:data1\" content=\"1 minuto\" \/>\n<script type=\"application\/ld+json\" class=\"yoast-schema-graph\">{\"@context\":\"https:\/\/schema.org\",\"@graph\":[{\"@type\":\"WebPage\",\"@id\":\"https:\/\/guiarestaurantes.name\/\",\"url\":\"https:\/\/guiarestaurantes.name\/\",\"name\":\"Gu\u00edaRestaurantes.name - TU DIRECTORIO DE RESTAURANTES EN ESPA\u00d1A\",\"isPartOf\":{\"@id\":\"https:\/\/guiarestaurantes.name\/#website\"},\"datePublished\":\"2015-08-12T14:21:10+00:00\",\"dateModified\":\"2024-04-22T11:12:06+00:00\",\"description\":\"DIRECTORIO DE RESTAURANTES EN ESPA\u00d1A. Cocina tradicional, de autor, experimental, de todo tipo de ambiente y precios. \u00a1Encu\u00e9ntralo!\",\"breadcrumb\":{\"@id\":\"https:\/\/guiarestaurantes.name\/#breadcrumb\"},\"inLanguage\":\"es\",\"potentialAction\":[{\"@type\":\"ReadAction\",\"target\":[\"https:\/\/guiarestaurantes.name\/\"]}]},{\"@type\":\"BreadcrumbList\",\"@id\":\"https:\/\/guiarestaurantes.name\/#breadcrumb\",\"itemListElement\":[{\"@type\":\"ListItem\",\"position\":1,\"name\":\"Portada\",\"item\":\"https:\/\/guiarestaurantes.name\/\"},{\"@type\":\"ListItem\",\"position\":2,\"name\":\"GUIARESTAURANTES.NAME &#8211; tu gu\u00eda de restaurantes de Espa\u00f1a\"}]},{\"@type\":\"WebSite\",\"@id\":\"https:\/\/guiarestaurantes.name\/#website\",\"url\":\"https:\/\/guiarestaurantes.name\/\",\"name\":\"Guia Restaurantes\",\"description\":\"Los mejores sitios para comer\",\"potentialAction\":[{\"@type\":\"SearchAction\",\"target\":{\"@type\":\"EntryPoint\",\"urlTemplate\":\"https:\/\/guiarestaurantes.name\/?s={search_term_string}\"},\"query-input\":{\"@type\":\"PropertyValueSpecification\",\"valueRequired\":true,\"valueName\":\"search_term_string\"}}],\"inLanguage\":\"es\"}]}<\/script>\n<!-- \/ Yoast SEO plugin. -->","yoast_head_json":{"title":"Gu\u00edaRestaurantes.name - TU DIRECTORIO DE RESTAURANTES EN ESPA\u00d1A","description":"DIRECTORIO DE RESTAURANTES EN ESPA\u00d1A. Cocina tradicional, de autor, experimental, de todo tipo de ambiente y precios. \u00a1Encu\u00e9ntralo!","robots":{"index":"index","follow":"follow","max-snippet":"max-snippet:-1","max-image-preview":"max-image-preview:large","max-video-preview":"max-video-preview:-1"},"canonical":"https:\/\/guiarestaurantes.name\/","og_locale":"es_ES","og_type":"article","og_title":"Gu\u00edaRestaurantes.name - TU DIRECTORIO DE RESTAURANTES EN ESPA\u00d1A","og_description":"DIRECTORIO DE RESTAURANTES EN ESPA\u00d1A. Cocina tradicional, de autor, experimental, de todo tipo de ambiente y precios. \u00a1Encu\u00e9ntralo!","og_url":"https:\/\/guiarestaurantes.name\/","og_site_name":"Guia Restaurantes","article_modified_time":"2024-04-22T11:12:06+00:00","twitter_misc":{"Tiempo de lectura":"1 minuto"},"schema":{"@context":"https:\/\/schema.org","@graph":[{"@type":"WebPage","@id":"https:\/\/guiarestaurantes.name\/","url":"https:\/\/guiarestaurantes.name\/","name":"Gu\u00edaRestaurantes.name - TU DIRECTORIO DE RESTAURANTES EN ESPA\u00d1A","isPartOf":{"@id":"https:\/\/guiarestaurantes.name\/#website"},"datePublished":"2015-08-12T14:21:10+00:00","dateModified":"2024-04-22T11:12:06+00:00","description":"DIRECTORIO DE RESTAURANTES EN ESPA\u00d1A. Cocina tradicional, de autor, experimental, de todo tipo de ambiente y precios. \u00a1Encu\u00e9ntralo!","breadcrumb":{"@id":"https:\/\/guiarestaurantes.name\/#breadcrumb"},"inLanguage":"es","potentialAction":[{"@type":"ReadAction","target":["https:\/\/guiarestaurantes.name\/"]}]},{"@type":"BreadcrumbList","@id":"https:\/\/guiarestaurantes.name\/#breadcrumb","itemListElement":[{"@type":"ListItem","position":1,"name":"Portada","item":"https:\/\/guiarestaurantes.name\/"},{"@type":"ListItem","position":2,"name":"GUIARESTAURANTES.NAME &#8211; tu gu\u00eda de restaurantes de Espa\u00f1a"}]},{"@type":"WebSite","@id":"https:\/\/guiarestaurantes.name\/#website","url":"https:\/\/guiarestaurantes.name\/","name":"Guia Restaurantes","description":"Los mejores sitios para comer","potentialAction":[{"@type":"SearchAction","target":{"@type":"EntryPoint","urlTemplate":"https:\/\/guiarestaurantes.name\/?s={search_term_string}"},"query-input":{"@type":"PropertyValueSpecification","valueRequired":true,"valueName":"search_term_string"}}],"inLanguage":"es"}]}},"_links":{"self":[{"href":"https:\/\/guiarestaurantes.name\/index.php\/wp-json\/wp\/v2\/pages\/4","targetHints":{"allow":["GET"]}}],"collection":[{"href":"https:\/\/guiarestaurantes.name\/index.php\/wp-json\/wp\/v2\/pages"}],"about":[{"href":"https:\/\/guiarestaurantes.name\/index.php\/wp-json\/wp\/v2\/types\/page"}],"author":[{"embeddable":true,"href":"https:\/\/guiarestaurantes.name\/index.php\/wp-json\/wp\/v2\/users\/1"}],"replies":[{"embeddable":true,"href":"https:\/\/guiarestaurantes.name\/index.php\/wp-json\/wp\/v2\/comments?post=4"}],"version-history":[{"count":72,"href":"https:\/\/guiarestaurantes.name\/index.php\/wp-json\/wp\/v2\/pages\/4\/revisions"}],"predecessor-version":[{"id":88106,"href":"https:\/\/guiarestaurantes.name\/index.php\/wp-json\/wp\/v2\/pages\/4\/revisions\/88106"}],"wp:attachment":[{"href":"https:\/\/guiarestaurantes.name\/index.php\/wp-json\/wp\/v2\/media?parent=4"}],"curies":[{"name":"wp","href":"https:\/\/api.w.org\/{rel}","templated":true}]}}